{"id":308,"date":"2022-07-29T13:53:32","date_gmt":"2022-07-29T13:53:32","guid":{"rendered":"https:\/\/stauffenberg-ponies.com\/?page_id=308"},"modified":"2023-12-13T10:28:03","modified_gmt":"2023-12-13T10:28:03","slug":"news","status":"publish","type":"page","link":"https:\/\/stauffenberg-ponies.com\/?page_id=308","title":{"rendered":"News"},"content":{"rendered":"\n<p>10\/12\/2023<\/p>\n\n\n\n<p><strong><a href=\"https:\/\/stauffenberg-ponies.com\/?page_id=256\" data-type=\"page\" data-id=\"256\">DER ZAUBERLEHRLING<\/a> &#8222;verzaubert&#8220; bei der westf\u00e4lischen Ponyk\u00f6rung<\/strong><\/p>\n\n\n<div class=\"wp-block-image\">\n<figure class=\"aligncenter size-large\"><img fetchpriority=\"high\" decoding=\"async\" width=\"1024\" height=\"683\" src=\"https:\/\/stauffenberg-ponies.com\/wp-content\/uploads\/2023\/12\/Der-Zauberlehrling-Schaerpe-1024x683.jpg\" alt=\"\" class=\"wp-image-523\" srcset=\"https:\/\/stauffenberg-ponies.com\/wp-content\/uploads\/2023\/12\/Der-Zauberlehrling-Schaerpe-1024x683.jpg 1024w, https:\/\/stauffenberg-ponies.com\/wp-content\/uploads\/2023\/12\/Der-Zauberlehrling-Schaerpe-300x200.jpg 300w, https:\/\/stauffenberg-ponies.com\/wp-content\/uploads\/2023\/12\/Der-Zauberlehrling-Schaerpe-768x512.jpg 768w, https:\/\/stauffenberg-ponies.com\/wp-content\/uploads\/2023\/12\/Der-Zauberlehrling-Schaerpe-90x60.jpg 90w, https:\/\/stauffenberg-ponies.com\/wp-content\/uploads\/2023\/12\/Der-Zauberlehrling-Schaerpe-420x280.jpg 420w, https:\/\/stauffenberg-ponies.com\/wp-content\/uploads\/2023\/12\/Der-Zauberlehrling-Schaerpe.jpg 1280w\" sizes=\"(max-width: 1024px) 100vw, 1024px\" \/><figcaption class=\"wp-element-caption\">Der Zauberlehrling mit der Pr\u00e4miensch\u00e4rpe @reckimedia<\/figcaption><\/figure>\n<\/div>\n\n\n<p>Bei der K\u00f6rung des Westf\u00e4lischen Pferdestammbuchs wurde <strong><a href=\"https:\/\/stauffenberg-ponies.com\/?page_id=256\" data-type=\"page\" data-id=\"256\">DER ZAUBERLEHRLING<\/a><\/strong>, ein Sohn des <strong>FS NEXT DIAMOND<\/strong> und der Bundeschampionesse <strong><a href=\"https:\/\/stauffenberg-ponies.com\/?page_id=11\" data-type=\"page\" data-id=\"11\">DIE WAHRE LIEBE NRW<\/a><\/strong> zum Pr\u00e4mienhengst und 1. Reservesieger gek\u00f6rt. Damit setzt bereits der erste Nachkomme der <strong><a href=\"https:\/\/stauffenberg-ponies.com\/?page_id=11\" data-type=\"page\" data-id=\"11\">DIE WAHRE LIEBE NRW<\/a><\/strong>, &#8222;der nicht nur mit seiner typsch\u00f6nen und korrekten Aufmachung, sondern auch mit einer \u00fcberaus bewegungsstarken und sehr ausbalancierten Pr\u00e4sentation in allen drei Grandgangarten imponierte&#8220;, die hervorragenden Ergebnisse seiner Z\u00fcchterin Marion Gr\u00e4fin Stauffenberg fort. Das Gest\u00fct Kastanienhof, das den Hengst unter der F\u00fchrung von Timo Coldewey professionell vorbereitet und entsprechend wunderbar pr\u00e4sentiert hatte, sicherte sich <strong><a href=\"https:\/\/stauffenberg-ponies.com\/?page_id=256\" data-type=\"page\" data-id=\"256\">DER ZAUBERLEHRLING<\/a><\/strong> aus einem der bedeutendsten Stutenst\u00e4mme Westfalens und wird ihn gemeinsam mit seiner Z\u00fcchterin als Deckhengst f\u00fcr die Decksaison 2024 im Frischspermaversand zur Verf\u00fcgung stellen. <\/p>\n\n\n\n<p>03\/09\/2023<\/p>\n\n\n\n<p><strong>Auch 4-j\u00e4hrig der Bundeschampion der Reitponies &#8211; DARF ICH BITTEN NRW<\/strong><\/p>\n\n\n\n<figure class=\"wp-block-image size-large\"><img decoding=\"async\" width=\"1024\" height=\"683\" src=\"https:\/\/stauffenberg-ponies.com\/wp-content\/uploads\/2023\/09\/Darf_ich_bitten_NRW_Tanja_Fischer_Warendorf_23_GGR_7404_EQUITARIS-1024x683.jpg\" alt=\"\" class=\"wp-image-479\" srcset=\"https:\/\/stauffenberg-ponies.com\/wp-content\/uploads\/2023\/09\/Darf_ich_bitten_NRW_Tanja_Fischer_Warendorf_23_GGR_7404_EQUITARIS-1024x683.jpg 1024w, https:\/\/stauffenberg-ponies.com\/wp-content\/uploads\/2023\/09\/Darf_ich_bitten_NRW_Tanja_Fischer_Warendorf_23_GGR_7404_EQUITARIS-300x200.jpg 300w, https:\/\/stauffenberg-ponies.com\/wp-content\/uploads\/2023\/09\/Darf_ich_bitten_NRW_Tanja_Fischer_Warendorf_23_GGR_7404_EQUITARIS-768x512.jpg 768w, https:\/\/stauffenberg-ponies.com\/wp-content\/uploads\/2023\/09\/Darf_ich_bitten_NRW_Tanja_Fischer_Warendorf_23_GGR_7404_EQUITARIS-90x60.jpg 90w, https:\/\/stauffenberg-ponies.com\/wp-content\/uploads\/2023\/09\/Darf_ich_bitten_NRW_Tanja_Fischer_Warendorf_23_GGR_7404_EQUITARIS-420x280.jpg 420w, https:\/\/stauffenberg-ponies.com\/wp-content\/uploads\/2023\/09\/Darf_ich_bitten_NRW_Tanja_Fischer_Warendorf_23_GGR_7404_EQUITARIS.jpg 1500w\" sizes=\"(max-width: 1024px) 100vw, 1024px\" \/><\/figure>\n\n\n\n<p>Nachdem er bereits in der Qualifikation f\u00fcr das Finale mit der Gesamtwertnote 8,9 ein Statement gesetzt hatte, wer der beste Hengst des Jahrgangs ist, setzte <strong><a href=\"https:\/\/stauffenberg-ponies.com\/?page_id=9\" data-type=\"page\" data-id=\"9\">DARF ICH BITTEN NRW<\/a><\/strong> im Finale noch einen drauf. Unter seiner st\u00e4ndigen Reiterin Tanja Fischer siegte er \u00fcberlegen mit einer 9,0 und sorgte damit nicht nur f\u00fcr seinen 2. Titel als Bundeschampion der Dresurponies, sondern auch f\u00fcr einen weiteren H\u00f6hepunkt seiner Z\u00fcchterin Marion Stauffenberg, sowie f\u00fcr den Bockholt&#8217;schen Stutenstamm der <strong>NIBELUNGENLIED<\/strong>. Bereits seine Mutter <strong><a href=\"https:\/\/stauffenberg-ponies.com\/?page_id=12\" data-type=\"page\" data-id=\"12\">DIE KLEINE LIEBE<\/a><\/strong> avancierte 2010 zur Bundeschampioness und auch seiner Schwester <strong><a href=\"https:\/\/stauffenberg-ponies.com\/?page_id=11\" data-type=\"page\" data-id=\"11\">DIE WAHRE LIEBE NRW<\/a><\/strong> wurde 2019 die Siegersch\u00e4rpe umgelegt.<\/p>\n\n\n\n<p>24\/05\/2023<\/p>\n\n\n\n<p>Das zweite und letzte Fohlen der Abfohlsaison 2023 bringt <strong><a href=\"https:\/\/stauffenberg-ponies.com\/?page_id=11\" data-type=\"page\" data-id=\"11\">DIE WAHRE LIEBE NRW<\/a><\/strong> um kurz nach Mitternacht zur Welt. Es ist eine hochedle, im Vollbluttyp stehende, Tochter des <strong>KENT NAGANO<\/strong><\/p>\n\n\n\n<figure class=\"wp-block-image size-large\"><img decoding=\"async\" width=\"1024\" height=\"732\" src=\"https:\/\/stauffenberg-ponies.com\/wp-content\/uploads\/2023\/09\/DWL231-2-1024x732.jpg\" alt=\"\" class=\"wp-image-478\" srcset=\"https:\/\/stauffenberg-ponies.com\/wp-content\/uploads\/2023\/09\/DWL231-2-1024x732.jpg 1024w, https:\/\/stauffenberg-ponies.com\/wp-content\/uploads\/2023\/09\/DWL231-2-300x214.jpg 300w, https:\/\/stauffenberg-ponies.com\/wp-content\/uploads\/2023\/09\/DWL231-2-768x549.jpg 768w, https:\/\/stauffenberg-ponies.com\/wp-content\/uploads\/2023\/09\/DWL231-2-84x60.jpg 84w, https:\/\/stauffenberg-ponies.com\/wp-content\/uploads\/2023\/09\/DWL231-2.jpg 1280w\" sizes=\"(max-width: 1024px) 100vw, 1024px\" \/><\/figure>\n\n\n\n<p>20\/04\/2023<\/p>\n\n\n\n<p><strong><a href=\"https:\/\/stauffenberg-ponies.com\/?page_id=12\" data-type=\"page\" data-id=\"12\">DIE KLEINE LIEBE<\/a><\/strong> fohlt um 20:30 einen extrem ausdrucksstarken und unglaublich gut gemachten Hengst von <strong>GOLD GARANT<\/strong>. Alle Fohlen aus der <strong><a href=\"https:\/\/stauffenberg-ponies.com\/?page_id=12\" data-type=\"page\" data-id=\"12\">DIE KLEINE LIEBE<\/a><\/strong> waren bis dato braun oder dunkelbraun, aber die Verbindung des mit dem Dilute-Gen versehenen <strong>GOLD GARANT<\/strong> erzeugte eine &#8222;<strong>Sonderlackierung<\/strong>&#8222;, einen Falben <\/p>\n\n\n\n<figure class=\"wp-block-image size-large\"><img loading=\"lazy\" decoding=\"async\" width=\"1024\" height=\"732\" src=\"https:\/\/stauffenberg-ponies.com\/wp-content\/uploads\/2023\/04\/IMG_6907-1-1024x732.jpeg\" alt=\"\" class=\"wp-image-457\" srcset=\"https:\/\/stauffenberg-ponies.com\/wp-content\/uploads\/2023\/04\/IMG_6907-1-1024x732.jpeg 1024w, https:\/\/stauffenberg-ponies.com\/wp-content\/uploads\/2023\/04\/IMG_6907-1-300x214.jpeg 300w, https:\/\/stauffenberg-ponies.com\/wp-content\/uploads\/2023\/04\/IMG_6907-1-768x549.jpeg 768w, https:\/\/stauffenberg-ponies.com\/wp-content\/uploads\/2023\/04\/IMG_6907-1-84x60.jpeg 84w, https:\/\/stauffenberg-ponies.com\/wp-content\/uploads\/2023\/04\/IMG_6907-1.jpeg 1280w\" sizes=\"(max-width: 1024px) 100vw, 1024px\" \/><\/figure>\n\n\n\n<p>12\/04\/2023<\/p>\n\n\n\n<p><strong>Marion wird als Z\u00fcchter\/in des Jahres 2022 geehrt<\/strong><\/p>\n\n\n\n<p>Im Rahmen der Delegiertenversammlung des Westf\u00e4lischen Pferdestammbuchs wurde Marion Gr\u00e4fin Stauffenberg als Z\u00fcchter\/in des Jahres 2022 (Reitpony) vom Verbandsvorsitzenden Ralf Johanshon geehrt. In seiner Laudatio hob er die grossartigen, innerhalb von nur wenigen Jahren erzielten, z\u00fcchterischen Erfolge von Marion hervor, die 2022 in den Westfalen-Champions <strong><a href=\"https:\/\/stauffenberg-ponies.com\/?page_id=9\" data-type=\"page\" data-id=\"9\">DARF ICH BITTEN NRW<\/a><\/strong> und <strong><a href=\"https:\/\/stauffenberg-ponies.com\/?page_id=8\" data-type=\"page\" data-id=\"8\">DIEBIN DER HERZEN<\/a><\/strong> gipfelten, wobei erstgenannter auch noch zum Bundes-Champion gek\u00fcrt wurde <\/p>\n\n\n<div class=\"wp-block-image\">\n<figure class=\"aligncenter size-full\"><img loading=\"lazy\" decoding=\"async\" width=\"800\" height=\"533\" src=\"https:\/\/stauffenberg-ponies.com\/wp-content\/uploads\/2023\/04\/M.Graefin-von-Stauffenberg_Zuechterin-des-Jahres-Reitpony.jpg\" alt=\"\" class=\"wp-image-434\" srcset=\"https:\/\/stauffenberg-ponies.com\/wp-content\/uploads\/2023\/04\/M.Graefin-von-Stauffenberg_Zuechterin-des-Jahres-Reitpony.jpg 800w, https:\/\/stauffenberg-ponies.com\/wp-content\/uploads\/2023\/04\/M.Graefin-von-Stauffenberg_Zuechterin-des-Jahres-Reitpony-300x200.jpg 300w, https:\/\/stauffenberg-ponies.com\/wp-content\/uploads\/2023\/04\/M.Graefin-von-Stauffenberg_Zuechterin-des-Jahres-Reitpony-768x512.jpg 768w, https:\/\/stauffenberg-ponies.com\/wp-content\/uploads\/2023\/04\/M.Graefin-von-Stauffenberg_Zuechterin-des-Jahres-Reitpony-90x60.jpg 90w, https:\/\/stauffenberg-ponies.com\/wp-content\/uploads\/2023\/04\/M.Graefin-von-Stauffenberg_Zuechterin-des-Jahres-Reitpony-420x280.jpg 420w\" sizes=\"(max-width: 800px) 100vw, 800px\" \/><figcaption class=\"wp-element-caption\">Carsten Rotermund, Marion Gr\u00e4fin Stauffenberg, Ralf Johanshon<\/figcaption><\/figure>\n<\/div>\n\n<div class=\"wp-block-image\">\n<figure class=\"aligncenter size-large\"><img loading=\"lazy\" decoding=\"async\" width=\"1024\" height=\"768\" src=\"https:\/\/stauffenberg-ponies.com\/wp-content\/uploads\/2023\/04\/IMG_6886-1024x768.jpeg\" alt=\"\" class=\"wp-image-435\" srcset=\"https:\/\/stauffenberg-ponies.com\/wp-content\/uploads\/2023\/04\/IMG_6886-1024x768.jpeg 1024w, https:\/\/stauffenberg-ponies.com\/wp-content\/uploads\/2023\/04\/IMG_6886-300x225.jpeg 300w, https:\/\/stauffenberg-ponies.com\/wp-content\/uploads\/2023\/04\/IMG_6886-768x576.jpeg 768w, https:\/\/stauffenberg-ponies.com\/wp-content\/uploads\/2023\/04\/IMG_6886-80x60.jpeg 80w, https:\/\/stauffenberg-ponies.com\/wp-content\/uploads\/2023\/04\/IMG_6886.jpeg 1280w\" sizes=\"(max-width: 1024px) 100vw, 1024px\" \/><figcaption class=\"wp-element-caption\">Ehrenpreis Z\u00fcchter des Jahres 2022 (Reitpony)<\/figcaption><\/figure>\n<\/div>\n\n\n<p>13\/12\/2022<\/p>\n\n\n\n<p><strong><a href=\"https:\/\/stauffenberg-ponies.com\/?page_id=9\" data-type=\"page\" data-id=\"9\">DARF ICH BITTEN<\/a><\/strong> wird im Rahmen der Kleinpferdek\u00f6rung der Titel &#8222;<strong>NRW<\/strong>&#8220; verliehen und wird zuk\u00fcnftig als <strong><a href=\"https:\/\/stauffenberg-ponies.com\/?page_id=9\" data-type=\"page\" data-id=\"9\">DARF ICH BITTEN NRW<\/a><\/strong> gef\u00fchrt. Damit ist er bereits der 2. Nachkomme von <strong><a href=\"https:\/\/stauffenberg-ponies.com\/?page_id=12\" data-type=\"page\" data-id=\"12\">DIE KLEINE LIEBE<\/a><\/strong>, der den &#8222;<strong>NRW<\/strong>&#8222;-Titel f\u00fchren darf<\/p>\n\n\n\n<p><strong>05\/11\/2022<\/strong><\/p>\n\n\n\n<p><strong><a href=\"https:\/\/stauffenberg-ponies.com\/?page_id=96\" data-type=\"page\" data-id=\"96\">DER ERSTE MAI<\/a><\/strong> wurde in Alsfeld gek\u00f6rt<\/p>\n\n\n\n<p><strong><a href=\"https:\/\/stauffenberg-ponies.com\/?page_id=96\" data-type=\"page\" data-id=\"96\">DER ERSTE MAI<\/a><\/strong> avancierte zum zweiten gek\u00f6rten Hengst aus der Bundeschampionesse <strong><a href=\"https:\/\/stauffenberg-ponies.com\/?page_id=12\" data-type=\"page\" data-id=\"12\">DIE KLEINE LIEBE<\/a><\/strong>, die mit ihren ersten 4 lebenden Fohlen eine tolle Vererbungsleistung geliefert hat:<\/p>\n\n\n\n<p class=\"has-text-align-left\"><strong><a href=\"https:\/\/stauffenberg-ponies.com\/?page_id=11\" data-type=\"page\" data-id=\"11\">DIE WAHRE LIEBE NRW<\/a><\/strong> Westfalen- und Bundeschampionesse<\/p>\n\n\n\n<p class=\"has-text-align-left\"><strong><a href=\"https:\/\/stauffenberg-ponies.com\/?page_id=9\" data-type=\"page\" data-id=\"9\">DARF ICH BITTEN NRW<\/a><\/strong> Pr\u00e4mienhengst und Bundeschampion<\/p>\n\n\n\n<p><a href=\"https:\/\/stauffenberg-ponies.com\/?page_id=8\" data-type=\"page\" data-id=\"8\"><strong>DIEBIN DER HERZEN<\/strong><\/a> Staatspr\u00e4mienstute und Westfalenchampionesse<\/p>\n\n\n\n<p class=\"has-text-align-left\"><strong><a href=\"https:\/\/stauffenberg-ponies.com\/?page_id=96\" data-type=\"page\" data-id=\"96\">DER ERSTE MAI<\/a><\/strong> gek\u00f6rter Hengst und &#8230;<\/p>\n\n\n\n<p><strong>04\/11\/2022<\/strong><\/p>\n\n\n\n<p><strong><a href=\"https:\/\/stauffenberg-ponies.com\/?page_id=96\" data-type=\"page\" data-id=\"96\">DER ERSTE MAI <\/a> tritt bei den Ponhengsttagen des Ponyforums am 05.11.22 in Alsfeld an<\/strong><\/p>\n\n\n\n<figure class=\"wp-block-image size-large\"><img loading=\"lazy\" decoding=\"async\" width=\"1024\" height=\"682\" src=\"https:\/\/stauffenberg-ponies.com\/wp-content\/uploads\/2022\/11\/Der-erste-Mai_P1A9952-1024x682.jpeg\" alt=\"\" class=\"wp-image-374\" srcset=\"https:\/\/stauffenberg-ponies.com\/wp-content\/uploads\/2022\/11\/Der-erste-Mai_P1A9952-1024x682.jpeg 1024w, https:\/\/stauffenberg-ponies.com\/wp-content\/uploads\/2022\/11\/Der-erste-Mai_P1A9952-300x200.jpeg 300w, https:\/\/stauffenberg-ponies.com\/wp-content\/uploads\/2022\/11\/Der-erste-Mai_P1A9952-768x512.jpeg 768w, https:\/\/stauffenberg-ponies.com\/wp-content\/uploads\/2022\/11\/Der-erste-Mai_P1A9952-90x60.jpeg 90w, https:\/\/stauffenberg-ponies.com\/wp-content\/uploads\/2022\/11\/Der-erste-Mai_P1A9952-420x280.jpeg 420w, https:\/\/stauffenberg-ponies.com\/wp-content\/uploads\/2022\/11\/Der-erste-Mai_P1A9952.jpeg 1280w\" sizes=\"(max-width: 1024px) 100vw, 1024px\" \/><\/figure>\n\n\n\n<p>Der dunkelbraune 2j. Hengst von <strong>FS NUMERO UNO<\/strong> aus <a href=\"https:\/\/stauffenberg-ponies.com\/?page_id=12\" data-type=\"page\" data-id=\"12\"><strong>DIE KLEINE LIEB<\/strong>E<\/a> begeistert nicht nur duch seine Abstammung, sondern auch sein Exterieur und seinen Bewegungsablauf. N\u00e4here Informationen finden Sie auf <a href=\"https:\/\/ponyforum.auction\/de\/auktionen\/hengsttage-onlineauktion-2022\/der-erste-mai\" data-type=\"URL\" data-id=\"https:\/\/ponyforum.auction\/de\/auktionen\/hengsttage-onlineauktion-2022\/der-erste-mai\"><strong>seiner Seite<\/strong><\/a> beim Ponyforum<\/p>\n\n\n\n<p> <strong>03\/09\/2022<\/strong><\/p>\n\n\n\n<p><strong><a href=\"https:\/\/stauffenberg-ponies.com\/?page_id=9\" data-type=\"page\" data-id=\"9\">DARF ICH BITTEN<\/a> setzt sich mit dem Sieg im Bundeschampionat endg\u00fcltig die Krone des Jahrgangs 2019 der 3-j\u00e4hrigen Hengste auf<\/strong><\/p>\n\n\n\n<figure class=\"wp-block-image size-full is-style-default\"><img loading=\"lazy\" decoding=\"async\" width=\"1000\" height=\"667\" src=\"https:\/\/stauffenberg-ponies.com\/wp-content\/uploads\/2022\/09\/DarfichBittenBundeschampion.jpg\" alt=\"\" class=\"wp-image-366\" srcset=\"https:\/\/stauffenberg-ponies.com\/wp-content\/uploads\/2022\/09\/DarfichBittenBundeschampion.jpg 1000w, https:\/\/stauffenberg-ponies.com\/wp-content\/uploads\/2022\/09\/DarfichBittenBundeschampion-300x200.jpg 300w, https:\/\/stauffenberg-ponies.com\/wp-content\/uploads\/2022\/09\/DarfichBittenBundeschampion-768x512.jpg 768w, https:\/\/stauffenberg-ponies.com\/wp-content\/uploads\/2022\/09\/DarfichBittenBundeschampion-90x60.jpg 90w, https:\/\/stauffenberg-ponies.com\/wp-content\/uploads\/2022\/09\/DarfichBittenBundeschampion-420x280.jpg 420w\" sizes=\"(max-width: 1000px) 100vw, 1000px\" \/><figcaption class=\"wp-element-caption\">Darf ich Bitten unter seiner Reiterin Tanja Fischer bei der Siegerehrenrunde<\/figcaption><\/figure>\n\n\n\n<p>Nachdem <strong><a href=\"https:\/\/stauffenberg-ponies.com\/?page_id=9\" data-type=\"page\" data-id=\"9\">DARF ICH BITTEN<\/a><\/strong> bereits die Qualifikation f\u00fcr sich entscheiden konnte, war er auch im Finale des Bundeschampionats nicht zu schlagen und setzte sich unter Tanja Fischer, die auch gleichzeitig Mitbesitzerin des 3j. Hengstes ist, gegen seine Finalkonkurrenten durch, wobei er zweimal die Wertnote 9.0 von dem begeisterten Richterteam erhielt. Der aus der kleinen Zucht von Marion Gr\u00e4fin Stauffenberg stammende Hengst eiferte damit seiner Schwester <a href=\"https:\/\/stauffenberg-ponies.com\/?page_id=11\" data-type=\"page\" data-id=\"11\"><strong>DIE WAHRE LIEBE NRW<\/strong><\/a> nach, der 2019 ebenfalls die Siegersch\u00e4rpe beim Bundeschampionat umgelegt wurde.<\/p>\n\n\n\n<p><strong>31\/07\/2022<\/strong><\/p>\n\n\n\n<p><strong><a href=\"https:\/\/stauffenberg-ponies.com\/?page_id=9\" data-type=\"page\" data-id=\"9\">DARF ICH BITTEN<\/a> und <a href=\"https:\/\/stauffenberg-ponies.com\/?page_id=8\" data-type=\"page\" data-id=\"8\">DIEBIN DER HERZEN<\/a> wurden Westfalen-Champions 2022!!<\/strong><\/p>\n\n\n\n<div class=\"wp-block-group\"><div class=\"wp-block-group__inner-container is-layout-flow wp-block-group-is-layout-flow\">\n<figure class=\"wp-block-gallery has-nested-images columns-default is-cropped wp-block-gallery-1 is-layout-flex wp-block-gallery-is-layout-flex\">\n<figure class=\"wp-block-image size-large is-style-default\"><img loading=\"lazy\" decoding=\"async\" width=\"622\" height=\"1024\" data-id=\"354\" src=\"https:\/\/stauffenberg-ponies.com\/wp-content\/uploads\/2022\/08\/2022-07-31-DarfIchBitten-g-9704_kl-4-622x1024.jpg\" alt=\"\" class=\"wp-image-354\" srcset=\"https:\/\/stauffenberg-ponies.com\/wp-content\/uploads\/2022\/08\/2022-07-31-DarfIchBitten-g-9704_kl-4-622x1024.jpg 622w, https:\/\/stauffenberg-ponies.com\/wp-content\/uploads\/2022\/08\/2022-07-31-DarfIchBitten-g-9704_kl-4-182x300.jpg 182w, https:\/\/stauffenberg-ponies.com\/wp-content\/uploads\/2022\/08\/2022-07-31-DarfIchBitten-g-9704_kl-4-768x1265.jpg 768w, https:\/\/stauffenberg-ponies.com\/wp-content\/uploads\/2022\/08\/2022-07-31-DarfIchBitten-g-9704_kl-4-933x1536.jpg 933w, https:\/\/stauffenberg-ponies.com\/wp-content\/uploads\/2022\/08\/2022-07-31-DarfIchBitten-g-9704_kl-4-1244x2048.jpg 1244w, https:\/\/stauffenberg-ponies.com\/wp-content\/uploads\/2022\/08\/2022-07-31-DarfIchBitten-g-9704_kl-4-36x60.jpg 36w, https:\/\/stauffenberg-ponies.com\/wp-content\/uploads\/2022\/08\/2022-07-31-DarfIchBitten-g-9704_kl-4-scaled.jpg 1555w\" sizes=\"(max-width: 622px) 100vw, 622px\" \/><figcaption class=\"wp-element-caption\">Darf ich Bitten (2019)<\/figcaption><\/figure>\n\n\n\n<figure class=\"wp-block-image size-large is-style-default\"><img loading=\"lazy\" decoding=\"async\" width=\"768\" height=\"1024\" data-id=\"352\" src=\"https:\/\/stauffenberg-ponies.com\/wp-content\/uploads\/2022\/08\/2018-07-31-DiebinDerHerzen-g-0032_kl-4-768x1024.jpg\" alt=\"\" class=\"wp-image-352\" srcset=\"https:\/\/stauffenberg-ponies.com\/wp-content\/uploads\/2022\/08\/2018-07-31-DiebinDerHerzen-g-0032_kl-4-768x1024.jpg 768w, https:\/\/stauffenberg-ponies.com\/wp-content\/uploads\/2022\/08\/2018-07-31-DiebinDerHerzen-g-0032_kl-4-225x300.jpg 225w, https:\/\/stauffenberg-ponies.com\/wp-content\/uploads\/2022\/08\/2018-07-31-DiebinDerHerzen-g-0032_kl-4-1152x1536.jpg 1152w, https:\/\/stauffenberg-ponies.com\/wp-content\/uploads\/2022\/08\/2018-07-31-DiebinDerHerzen-g-0032_kl-4-1536x2048.jpg 1536w, https:\/\/stauffenberg-ponies.com\/wp-content\/uploads\/2022\/08\/2018-07-31-DiebinDerHerzen-g-0032_kl-4-45x60.jpg 45w, https:\/\/stauffenberg-ponies.com\/wp-content\/uploads\/2022\/08\/2018-07-31-DiebinDerHerzen-g-0032_kl-4-scaled.jpg 1920w\" sizes=\"(max-width: 768px) 100vw, 768px\" \/><figcaption class=\"wp-element-caption\">Diebin der Herzen (2018)<\/figcaption><\/figure>\n<\/figure>\n<\/div><\/div>\n\n\n\n<p>Und nicht nur das, sondern sie siegten beide in ihren jeweiligen Kategorien &#8222;mit Weile&#8220; und toppten damit noch einen ganz besonderen Tag f\u00fcr ihre Z\u00fcchterin Marion Gr\u00e4fin Stauffenberg. <\/p>\n\n\n\n<p>Mit einer Gesamtpunktzahl von 17,7 gegen\u00fcber 16,3 des Zweitplatzierten setzte sich erst der gek\u00f6rte 3j. Hengst <a href=\"https:\/\/stauffenberg-ponies.com\/?page_id=9\" data-type=\"page\" data-id=\"9\"><strong>DARF ICH BITTEN<\/strong><\/a> durch, wobei er mit den Wertnoten von 9,5 sowohl im Trab, als auch in der Rittigkeit dem Ideal schon sehr nahe kam.<\/p>\n\n\n\n<p>In der Gruppe der 4j. Stuten und Wallache setzte <strong><a href=\"https:\/\/stauffenberg-ponies.com\/?page_id=8\" data-type=\"page\" data-id=\"8\">DIEBIN DER HERZEN<\/a><\/strong> mit H\u00f6chstnoten von beiden Richtergrupen die Akzente in diesem Championat und sorgte so f\u00fcr ein Doppel, nicht nur f\u00fcr ihre Z\u00fcchterin, sondern auch f\u00fcr die Mutter der beiden neu gek\u00fcrten Champions <strong><a href=\"https:\/\/stauffenberg-ponies.com\/?page_id=12\" data-type=\"page\" data-id=\"12\">DIE KLEINE LIEBE<\/a><\/strong>. Diese hat nun mit ihren ersten drei Nachkommen jeweils einen Westfalen-Champion gestellt, wobei ihr erster <strong><a href=\"https:\/\/stauffenberg-ponies.com\/?page_id=11\" data-type=\"page\" data-id=\"11\">DIE WAHRE LIEBE<\/a><\/strong> auch noch das Bundeschampionat der 4-J\u00e4hrigen gewinnen konnte.<\/p>\n\n\n\n<p><strong>28\/07\/22<\/strong> <\/p>\n\n\n\n<p><strong>Was f\u00fcr ein Start in die Westfalen-Woche f\u00fcr die Ponies von Marion!!<\/strong><\/p>\n\n\n\n<p>Die Westfalen-Woche steht gleichzeitig f\u00fcr die Qualifikationen zu den Bundeschampionaten und Marion hatte aus ihrer Zucht bei den 3-j\u00e4hrigen Ponyhengsten <a href=\"https:\/\/stauffenberg-ponies.com\/?page_id=9\" data-type=\"page\" data-id=\"9\"><strong>DARF ICH BITTEN<\/strong><\/a> und bei den 4-j\u00e4hrigen Stuten und Wallachen die <a href=\"https:\/\/stauffenberg-ponies.com\/?page_id=8\" data-type=\"page\" data-id=\"8\"><strong>DIEBIN DER HERZEN<\/strong><\/a> am Start.  <\/p>\n\n\n\n<p>Zuerst war es <a href=\"https:\/\/stauffenberg-ponies.com\/?page_id=9\" data-type=\"page\" data-id=\"9\"><strong>DARF ICH BITTEN<\/strong><\/a>, der seine Pr\u00fcfung \u00fcberlegen gewann und sich damit f\u00fcr das Finale am Sonntag qualifizierte. Er steht im Besitz des Dressurstall Fischer und hatte Tanja Fischer im Sattel.<\/p>\n\n\n\n<p>Ihrem Bruder wollte die <a href=\"https:\/\/stauffenberg-ponies.com\/?page_id=8\" data-type=\"page\" data-id=\"8\"><strong>DIEBIN DER HERZEN<\/strong><\/a> nicht nachstehen und unter Hanna Richter dominierte, die noch im Besitz ihrer Z\u00fcchterin stehende Staatspr\u00e4mienstute ihre Altersgef\u00e4hrten und Gef\u00e4hrtinnen und r\u00fcckte ebenfalls mit besten Aussichten in das Finale ein.<\/p>\n\n\n\n<p>Beide Ponies sind Nachkommen von <a href=\"https:\/\/stauffenberg-ponies.com\/?page_id=12\"><strong>DIE KLEINE LIEBE<\/strong><\/a>, der Stammstute von Marion und es ist nat\u00fcrlich ein toller Erfolg f\u00fcr die Z\u00fcchterin, zwei Nachkommen und zwei Sieger\/innen in solch wichtigen Pr\u00fcfungen gez\u00fcchtet zu haben. Der erste Nachkomme aus <a href=\"https:\/\/stauffenberg-ponies.com\/?page_id=12\" data-type=\"page\" data-id=\"12\"><strong>DIE KLEINE LIEBE<\/strong><\/a> ist <a href=\"https:\/\/stauffenberg-ponies.com\/?page_id=11\" data-type=\"page\" data-id=\"11\"><strong>DIE WAHRE LIEBE<\/strong><\/a>, die sich nach der Qualifikation auch noch das Westfalenchampionat schnappen und dann sp\u00e4ter das Bundeschampionat an ihre Fahnen heften konnte.<\/p>\n\n\n\n<h2 class=\"wp-block-heading\"><\/h2>\n\n\n\n<h2 class=\"wp-block-heading\"><\/h2>\n\n\n\n<h2 class=\"wp-block-heading\"><\/h2>\n\n\n\n<p><\/p>\n","protected":false},"excerpt":{"rendered":"<p>10\/12\/2023 DER ZAUBERLEHRLING &#8222;verzaubert&#8220; bei der westf\u00e4lischen Ponyk\u00f6rung Bei der K\u00f6rung des Westf\u00e4lischen Pferdestammbuchs wurde DER ZAUBERLEHRLING, ein Sohn des FS NEXT DIAMOND und der &hellip; <\/p>\n","protected":false},"author":1,"featured_media":0,"parent":0,"menu_order":0,"comment_status":"closed","ping_status":"closed","template":"","meta":{"footnotes":""},"class_list":["post-308","page","type-page","status-publish","hentry"],"_links":{"self":[{"href":"https:\/\/stauffenberg-ponies.com\/index.php?rest_route=\/wp\/v2\/pages\/308","targetHints":{"allow":["GET"]}}],"collection":[{"href":"https:\/\/stauffenberg-ponies.com\/index.php?rest_route=\/wp\/v2\/pages"}],"about":[{"href":"https:\/\/stauffenberg-ponies.com\/index.php?rest_route=\/wp\/v2\/types\/page"}],"author":[{"embeddable":true,"href":"https:\/\/stauffenberg-ponies.com\/index.php?rest_route=\/wp\/v2\/users\/1"}],"replies":[{"embeddable":true,"href":"https:\/\/stauffenberg-ponies.com\/index.php?rest_route=%2Fwp%2Fv2%2Fcomments&post=308"}],"version-history":[{"count":36,"href":"https:\/\/stauffenberg-ponies.com\/index.php?rest_route=\/wp\/v2\/pages\/308\/revisions"}],"predecessor-version":[{"id":525,"href":"https:\/\/stauffenberg-ponies.com\/index.php?rest_route=\/wp\/v2\/pages\/308\/revisions\/525"}],"wp:attachment":[{"href":"https:\/\/stauffenberg-ponies.com\/index.php?rest_route=%2Fwp%2Fv2%2Fmedia&parent=308"}],"curies":[{"name":"wp","href":"https:\/\/api.w.org\/{rel}","templated":true}]}}